{"id":1211,"date":"2023-06-21T11:23:26","date_gmt":"2023-06-21T09:23:26","guid":{"rendered":"https:\/\/www.dabruno.com\/restaurantes\/"},"modified":"2025-08-29T20:37:02","modified_gmt":"2025-08-29T18:37:02","slug":"restaurantes","status":"publish","type":"page","link":"https:\/\/dabruno.com\/en\/restaurantes\/","title":{"rendered":"Restaurants"},"content":{"rendered":"\t\t<div data-elementor-type=\"wp-page\" data-elementor-id=\"1211\" class=\"elementor elementor-1211 elementor-39\" data-elementor-post-type=\"page\">\n\t\t\t\t<div class=\"elementor-element elementor-element-6818ea9 e-flex e-con-boxed e-con e-parent\" data-id=\"6818ea9\" data-element_type=\"container\" data-e-type=\"container\" data-settings=\"{&quot;background_background&quot;:&quot;slideshow&quot;,&quot;background_slideshow_gallery&quot;:[{&quot;id&quot;:641,&quot;url&quot;:&quot;https:\\\/\\\/dabruno.com\\\/wp-content\\\/uploads\\\/2024\\\/01\\\/slider_1.png&quot;},{&quot;id&quot;:2873,&quot;url&quot;:&quot;https:\\\/\\\/dabruno.com\\\/wp-content\\\/uploads\\\/2024\\\/09\\\/Da-Bruno-San-Pedro-2-4.jpg&quot;},{&quot;id&quot;:2959,&quot;url&quot;:&quot;https:\\\/\\\/dabruno.com\\\/wp-content\\\/uploads\\\/2024\\\/09\\\/SLIDER-UBICACIONES-2.jpg&quot;}],&quot;background_slideshow_slide_duration&quot;:4000,&quot;background_slideshow_ken_burns&quot;:&quot;yes&quot;,&quot;background_slideshow_loop&quot;:&quot;yes&quot;,&quot;background_slideshow_slide_transition&quot;:&quot;fade&quot;,&quot;background_slideshow_transition_duration&quot;:500,&quot;background_slideshow_ken_burns_zoom_direction&quot;:&quot;in&quot;}\">\n\t\t\t\t\t<div class=\"e-con-inner\">\n\t\t<div class=\"elementor-element elementor-element-7ecc1de e-con-full e-flex e-con e-child\" data-id=\"7ecc1de\" data-element_type=\"container\" data-e-type=\"container\">\n\t\t\t\t<div class=\"elementor-element elementor-element-26395e8 elementor-widget elementor-widget-heading\" data-id=\"26395e8\" data-element_type=\"widget\" data-e-type=\"widget\" data-widget_type=\"heading.default\">\n\t\t\t\t\t<h1 class=\"elementor-heading-title elementor-size-default\">Restaurants<\/h1>\t\t\t\t<\/div>\n\t\t\t\t<\/div>\n\t\t\t\t\t<\/div>\n\t\t\t\t<\/div>\n\t\t\t\t<section class=\"elementor-section elementor-top-section elementor-element elementor-element-ec54cb5 elementor-section-full_width elementor-section-stretched elementor-reverse-tablet elementor-section-height-default elementor-section-height-default\" data-id=\"ec54cb5\" data-element_type=\"section\" data-e-type=\"section\" data-settings=\"{&quot;stretch_section&quot;:&quot;section-stretched&quot;}\">\n\t\t\t\t\t\t<div class=\"elementor-container elementor-column-gap-no\">\n\t\t\t\t\t<div class=\"elementor-column elementor-col-50 elementor-top-column elementor-element elementor-element-eae8cbf\" data-id=\"eae8cbf\" data-element_type=\"column\" data-e-type=\"column\">\n\t\t\t<div class=\"elementor-widget-wrap elementor-element-populated\">\n\t\t\t\t\t\t<div class=\"elementor-element elementor-element-eeba61d elementor-widget elementor-widget-image\" data-id=\"eeba61d\" data-element_type=\"widget\" data-e-type=\"widget\" data-widget_type=\"image.default\">\n\t\t\t\t\t\t\t\t\t\t\t\t\t\t\t<img decoding=\"async\" width=\"178\" height=\"31\" src=\"https:\/\/dabruno.com\/wp-content\/uploads\/2023\/10\/dabruno_logo.png\" class=\"attachment-large size-large wp-image-877\" alt=\"\" \/>\t\t\t\t\t\t\t\t\t\t\t\t\t\t\t<\/div>\n\t\t\t\t<div class=\"elementor-element elementor-element-b57ac9b elementor-widget-tablet__width-inherit elementor-widget__width-initial elementor-widget elementor-widget-text-editor\" data-id=\"b57ac9b\" data-element_type=\"widget\" data-e-type=\"widget\" data-widget_type=\"text-editor.default\">\n\t\t\t\t\t\t\t\t\t<h2 style=\"text-align: center; font-size: 40px;\"><span style=\"color: #000000;\">SULMARE<\/span><\/h2>\t\t\t\t\t\t\t\t<\/div>\n\t\t\t\t<div class=\"elementor-element elementor-element-2af048a elementor-widget__width-initial elementor-widget elementor-widget-text-editor\" data-id=\"2af048a\" data-element_type=\"widget\" data-e-type=\"widget\" data-widget_type=\"text-editor.default\">\n\t\t\t\t\t\t\t\t\t<p style=\"text-align: center;\"><span>WHERE THE COAST AND AUTHENTIC ITALIAN CUISINE COME TOGETHER<\/span><\/p>\t\t\t\t\t\t\t\t<\/div>\n\t\t\t\t<div class=\"elementor-element elementor-element-0ec5112 elementor-widget-tablet__width-inherit elementor-widget__width-initial elementor-widget elementor-widget-text-editor\" data-id=\"0ec5112\" data-element_type=\"widget\" data-e-type=\"widget\" data-widget_type=\"text-editor.default\">\n\t\t\t\t\t\t\t\t\t<p style=\"text-align: center;\">Explora la aut\u00e9ntica fusi\u00f3n de sabores italianos y mediterr\u00e1neos en nuestro emblem\u00e1tico restaurante ubicado en el Paseo Mar\u00edtimo de Marbella. With a well-established history, we have captivated diners with exquisite dishes in an unparalleled seaside setting. Discover a unique culinary experience that combines the freshness of ingredients with impeccable service, establishing our place as a gastronomic reference on the Costa del Sol.<\/p>\t\t\t\t\t\t\t\t<\/div>\n\t\t\t\t<section class=\"elementor-section elementor-inner-section elementor-element elementor-element-52f526e elementor-section-boxed elementor-section-height-default elementor-section-height-default\" data-id=\"52f526e\" data-element_type=\"section\" data-e-type=\"section\">\n\t\t\t\t\t\t<div class=\"elementor-container elementor-column-gap-wider\">\n\t\t\t\t\t<div class=\"elementor-column elementor-col-100 elementor-inner-column elementor-element elementor-element-e1403f7\" data-id=\"e1403f7\" data-element_type=\"column\" data-e-type=\"column\">\n\t\t\t<div class=\"elementor-widget-wrap elementor-element-populated\">\n\t\t\t\t\t\t<div class=\"elementor-element elementor-element-2c46913 elementor-align-center elementor-mobile-align-center elementor-widget elementor-widget-button\" data-id=\"2c46913\" data-element_type=\"widget\" data-e-type=\"widget\" data-widget_type=\"button.default\">\n\t\t\t\t\t\t\t\t\t\t<a class=\"elementor-button elementor-button-link elementor-size-lg\" href=\"https:\/\/dabruno.com\/en\/restaurantes\/sul-mare\/\">\n\t\t\t\t\t\t<span class=\"elementor-button-content-wrapper\">\n\t\t\t\t\t\t\t\t\t<span class=\"elementor-button-text\">LEARN MORE<\/span>\n\t\t\t\t\t<\/span>\n\t\t\t\t\t<\/a>\n\t\t\t\t\t\t\t\t<\/div>\n\t\t\t\t\t<\/div>\n\t\t<\/div>\n\t\t\t\t\t<\/div>\n\t\t<\/section>\n\t\t\t\t\t<\/div>\n\t\t<\/div>\n\t\t\t\t<div class=\"elementor-column elementor-col-50 elementor-top-column elementor-element elementor-element-17db375\" data-id=\"17db375\" data-element_type=\"column\" data-e-type=\"column\" data-settings=\"{&quot;background_background&quot;:&quot;slideshow&quot;,&quot;background_slideshow_gallery&quot;:[{&quot;id&quot;:2863,&quot;url&quot;:&quot;https:\\\/\\\/dabruno.com\\\/wp-content\\\/uploads\\\/2024\\\/09\\\/Da-Bruno-Sulmare-2-4.jpg&quot;},{&quot;id&quot;:2867,&quot;url&quot;:&quot;https:\\\/\\\/dabruno.com\\\/wp-content\\\/uploads\\\/2024\\\/09\\\/Sulmare-Cabopino-4.jpg&quot;},{&quot;id&quot;:2865,&quot;url&quot;:&quot;https:\\\/\\\/dabruno.com\\\/wp-content\\\/uploads\\\/2024\\\/09\\\/Da-Bruno-Sulmare-5.jpg&quot;}],&quot;background_slideshow_loop&quot;:&quot;yes&quot;,&quot;background_slideshow_slide_duration&quot;:5000,&quot;background_slideshow_slide_transition&quot;:&quot;fade&quot;,&quot;background_slideshow_transition_duration&quot;:500}\">\n\t\t\t<div class=\"elementor-widget-wrap elementor-element-populated\">\n\t\t\t\t\t\t<div class=\"elementor-element elementor-element-b9d80ff elementor-widget elementor-widget-spacer\" data-id=\"b9d80ff\" data-element_type=\"widget\" data-e-type=\"widget\" data-widget_type=\"spacer.default\">\n\t\t\t\t\t\t\t<div class=\"elementor-spacer\">\n\t\t\t<div class=\"elementor-spacer-inner\"><\/div>\n\t\t<\/div>\n\t\t\t\t\t\t<\/div>\n\t\t\t\t\t<\/div>\n\t\t<\/div>\n\t\t\t\t\t<\/div>\n\t\t<\/section>\n\t\t\t\t<section class=\"elementor-section elementor-top-section elementor-element elementor-element-9d56cc3 elementor-section-full_width elementor-section-stretched elementor-reverse-tablet elementor-section-height-default elementor-section-height-default\" data-id=\"9d56cc3\" data-element_type=\"section\" data-e-type=\"section\" data-settings=\"{&quot;stretch_section&quot;:&quot;section-stretched&quot;}\">\n\t\t\t\t\t\t<div class=\"elementor-container elementor-column-gap-no\">\n\t\t\t\t\t<div class=\"elementor-column elementor-col-50 elementor-top-column elementor-element elementor-element-f925126\" data-id=\"f925126\" data-element_type=\"column\" data-e-type=\"column\" data-settings=\"{&quot;background_background&quot;:&quot;slideshow&quot;,&quot;background_slideshow_gallery&quot;:[{&quot;id&quot;:2871,&quot;url&quot;:&quot;https:\\\/\\\/dabruno.com\\\/wp-content\\\/uploads\\\/2024\\\/09\\\/Da-Bruno-Cabopino-7.jpg&quot;}],&quot;background_slideshow_loop&quot;:&quot;yes&quot;,&quot;background_slideshow_slide_duration&quot;:5000,&quot;background_slideshow_slide_transition&quot;:&quot;fade&quot;,&quot;background_slideshow_transition_duration&quot;:500}\">\n\t\t\t<div class=\"elementor-widget-wrap elementor-element-populated\">\n\t\t\t\t\t\t<div class=\"elementor-element elementor-element-c8d5af5 elementor-widget elementor-widget-spacer\" data-id=\"c8d5af5\" data-element_type=\"widget\" data-e-type=\"widget\" data-widget_type=\"spacer.default\">\n\t\t\t\t\t\t\t<div class=\"elementor-spacer\">\n\t\t\t<div class=\"elementor-spacer-inner\"><\/div>\n\t\t<\/div>\n\t\t\t\t\t\t<\/div>\n\t\t\t\t\t<\/div>\n\t\t<\/div>\n\t\t\t\t<div class=\"elementor-column elementor-col-50 elementor-top-column elementor-element elementor-element-ae11693\" data-id=\"ae11693\" data-element_type=\"column\" data-e-type=\"column\">\n\t\t\t<div class=\"elementor-widget-wrap elementor-element-populated\">\n\t\t\t\t\t\t<div class=\"elementor-element elementor-element-6ace9c1 elementor-widget elementor-widget-image\" data-id=\"6ace9c1\" data-element_type=\"widget\" data-e-type=\"widget\" data-widget_type=\"image.default\">\n\t\t\t\t\t\t\t\t\t\t\t\t\t\t\t<img decoding=\"async\" width=\"178\" height=\"31\" src=\"https:\/\/dabruno.com\/wp-content\/uploads\/2023\/10\/dabruno_logo.png\" class=\"attachment-large size-large wp-image-877\" alt=\"\" \/>\t\t\t\t\t\t\t\t\t\t\t\t\t\t\t<\/div>\n\t\t\t\t<div class=\"elementor-element elementor-element-0604358 elementor-widget-tablet__width-inherit elementor-widget__width-initial elementor-widget elementor-widget-text-editor\" data-id=\"0604358\" data-element_type=\"widget\" data-e-type=\"widget\" data-widget_type=\"text-editor.default\">\n\t\t\t\t\t\t\t\t\t<h2 style=\"text-align: center; font-size: 40px;\"><span style=\"color: #000000;\">CABOPINO<\/span><\/h2>\t\t\t\t\t\t\t\t<\/div>\n\t\t\t\t<div class=\"elementor-element elementor-element-15b52cf elementor-widget__width-initial elementor-widget elementor-widget-text-editor\" data-id=\"15b52cf\" data-element_type=\"widget\" data-e-type=\"widget\" data-widget_type=\"text-editor.default\">\n\t\t\t\t\t\t\t\t\t<p style=\"text-align: center;\">A familiar experience with italian flavours<\/p>\t\t\t\t\t\t\t\t<\/div>\n\t\t\t\t<div class=\"elementor-element elementor-element-322ace4 elementor-widget-tablet__width-inherit elementor-widget__width-initial elementor-widget elementor-widget-text-editor\" data-id=\"322ace4\" data-element_type=\"widget\" data-e-type=\"widget\" data-widget_type=\"text-editor.default\">\n\t\t\t\t\t\t\t\t\tImmerse yourself in a gastronomic oasis in the heart of the Cabopino pine forest. For years, our restaurant has been the preferred destination for those seeking an authentic and relaxed culinary experience. Enjoy the finest Italian and Mediterranean cuisine in an exceptional natural setting. The fusion of fresh flavors and the serenity of the surroundings make every visit an unforgettable gastronomic escape.\t\t\t\t\t\t\t\t<\/div>\n\t\t\t\t<section class=\"elementor-section elementor-inner-section elementor-element elementor-element-e49933a elementor-section-boxed elementor-section-height-default elementor-section-height-default\" data-id=\"e49933a\" data-element_type=\"section\" data-e-type=\"section\">\n\t\t\t\t\t\t<div class=\"elementor-container elementor-column-gap-wider\">\n\t\t\t\t\t<div class=\"elementor-column elementor-col-100 elementor-inner-column elementor-element elementor-element-c12c3f0\" data-id=\"c12c3f0\" data-element_type=\"column\" data-e-type=\"column\">\n\t\t\t<div class=\"elementor-widget-wrap elementor-element-populated\">\n\t\t\t\t\t\t<div class=\"elementor-element elementor-element-3124442 elementor-align-center elementor-mobile-align-center elementor-widget elementor-widget-button\" data-id=\"3124442\" data-element_type=\"widget\" data-e-type=\"widget\" data-widget_type=\"button.default\">\n\t\t\t\t\t\t\t\t\t\t<a class=\"elementor-button elementor-button-link elementor-size-lg\" href=\"https:\/\/dabruno.com\/en\/restaurantes\/a-cabopino\/\">\n\t\t\t\t\t\t<span class=\"elementor-button-content-wrapper\">\n\t\t\t\t\t\t\t\t\t<span class=\"elementor-button-text\">LEARN MORE<\/span>\n\t\t\t\t\t<\/span>\n\t\t\t\t\t<\/a>\n\t\t\t\t\t\t\t\t<\/div>\n\t\t\t\t\t<\/div>\n\t\t<\/div>\n\t\t\t\t\t<\/div>\n\t\t<\/section>\n\t\t\t\t\t<\/div>\n\t\t<\/div>\n\t\t\t\t\t<\/div>\n\t\t<\/section>\n\t\t\t\t<section class=\"elementor-section elementor-top-section elementor-element elementor-element-8f66d48 elementor-section-full_width elementor-section-stretched elementor-reverse-tablet elementor-section-height-default elementor-section-height-default\" data-id=\"8f66d48\" data-element_type=\"section\" data-e-type=\"section\" data-settings=\"{&quot;stretch_section&quot;:&quot;section-stretched&quot;}\">\n\t\t\t\t\t\t<div class=\"elementor-container elementor-column-gap-no\">\n\t\t\t\t\t<div class=\"elementor-column elementor-col-50 elementor-top-column elementor-element elementor-element-8ad42d1\" data-id=\"8ad42d1\" data-element_type=\"column\" data-e-type=\"column\">\n\t\t\t<div class=\"elementor-widget-wrap elementor-element-populated\">\n\t\t\t\t\t\t<div class=\"elementor-element elementor-element-8850591 elementor-widget elementor-widget-image\" data-id=\"8850591\" data-element_type=\"widget\" data-e-type=\"widget\" data-widget_type=\"image.default\">\n\t\t\t\t\t\t\t\t\t\t\t\t\t\t\t<img decoding=\"async\" width=\"178\" height=\"31\" src=\"https:\/\/dabruno.com\/wp-content\/uploads\/2023\/10\/dabruno_logo.png\" class=\"attachment-large size-large wp-image-877\" alt=\"\" \/>\t\t\t\t\t\t\t\t\t\t\t\t\t\t\t<\/div>\n\t\t\t\t<div class=\"elementor-element elementor-element-21ee7e4 elementor-widget-tablet__width-inherit elementor-widget__width-initial elementor-widget elementor-widget-text-editor\" data-id=\"21ee7e4\" data-element_type=\"widget\" data-e-type=\"widget\" data-widget_type=\"text-editor.default\">\n\t\t\t\t\t\t\t\t\t<h2 style=\"text-align: center;\"><span style=\"color: #000000; font-weight: var( --e-global-typography-text-font-weight ); font-size: 40px;\">SAN PEDRO<\/span><\/h2>\t\t\t\t\t\t\t\t<\/div>\n\t\t\t\t<div class=\"elementor-element elementor-element-68c0b78 elementor-widget__width-initial elementor-widget elementor-widget-text-editor\" data-id=\"68c0b78\" data-element_type=\"widget\" data-e-type=\"widget\" data-widget_type=\"text-editor.default\">\n\t\t\t\t\t\t\t\t\t<p style=\"text-align: center;\">Italian tradition in the heart of San Pedro<\/p>\t\t\t\t\t\t\t\t<\/div>\n\t\t\t\t<div class=\"elementor-element elementor-element-2a2626c elementor-widget-tablet__width-inherit elementor-widget__width-initial elementor-widget elementor-widget-text-editor\" data-id=\"2a2626c\" data-element_type=\"widget\" data-e-type=\"widget\" data-widget_type=\"text-editor.default\">\n\t\t\t\t\t\t\t\t\t<p style=\"text-align: center;\">Discover the charm of San Pedro de Alc\u00e1ntara\u2019s town center at our restaurant, where Italian culinary tradition finds its home. With a solid presence in the city, our restaurant offers a welcoming and authentic experience for true food lovers. Enjoy richly flavored dishes in a warm and inviting setting, making each visit an unforgettable culinary experience.<\/p>\t\t\t\t\t\t\t\t<\/div>\n\t\t\t\t<section class=\"elementor-section elementor-inner-section elementor-element elementor-element-84cf1c1 elementor-section-boxed elementor-section-height-default elementor-section-height-default\" data-id=\"84cf1c1\" data-element_type=\"section\" data-e-type=\"section\">\n\t\t\t\t\t\t<div class=\"elementor-container elementor-column-gap-wider\">\n\t\t\t\t\t<div class=\"elementor-column elementor-col-100 elementor-inner-column elementor-element elementor-element-84c0ec2\" data-id=\"84c0ec2\" data-element_type=\"column\" data-e-type=\"column\">\n\t\t\t<div class=\"elementor-widget-wrap elementor-element-populated\">\n\t\t\t\t\t\t<div class=\"elementor-element elementor-element-10fc482 elementor-align-center elementor-mobile-align-center elementor-widget elementor-widget-button\" data-id=\"10fc482\" data-element_type=\"widget\" data-e-type=\"widget\" data-widget_type=\"button.default\">\n\t\t\t\t\t\t\t\t\t\t<a class=\"elementor-button elementor-button-link elementor-size-lg\" href=\"https:\/\/dabruno.com\/en\/restaurantes\/san-pedro\/\">\n\t\t\t\t\t\t<span class=\"elementor-button-content-wrapper\">\n\t\t\t\t\t\t\t\t\t<span class=\"elementor-button-text\">LEARN MORE<\/span>\n\t\t\t\t\t<\/span>\n\t\t\t\t\t<\/a>\n\t\t\t\t\t\t\t\t<\/div>\n\t\t\t\t\t<\/div>\n\t\t<\/div>\n\t\t\t\t\t<\/div>\n\t\t<\/section>\n\t\t\t\t\t<\/div>\n\t\t<\/div>\n\t\t\t\t<div class=\"elementor-column elementor-col-50 elementor-top-column elementor-element elementor-element-8ea929b\" data-id=\"8ea929b\" data-element_type=\"column\" data-e-type=\"column\" data-settings=\"{&quot;background_background&quot;:&quot;slideshow&quot;,&quot;background_slideshow_gallery&quot;:[{&quot;id&quot;:2878,&quot;url&quot;:&quot;https:\\\/\\\/dabruno.com\\\/wp-content\\\/uploads\\\/2024\\\/09\\\/Da-Bruno-San-Pedro-6.jpg&quot;},{&quot;id&quot;:2876,&quot;url&quot;:&quot;https:\\\/\\\/dabruno.com\\\/wp-content\\\/uploads\\\/2024\\\/09\\\/Da-Bruno-San-Pedro-3-4.jpg&quot;},{&quot;id&quot;:2874,&quot;url&quot;:&quot;https:\\\/\\\/dabruno.com\\\/wp-content\\\/uploads\\\/2024\\\/09\\\/Da-Bruno-San-Pedro-2-4.jpg&quot;}],&quot;background_slideshow_loop&quot;:&quot;yes&quot;,&quot;background_slideshow_slide_duration&quot;:5000,&quot;background_slideshow_slide_transition&quot;:&quot;fade&quot;,&quot;background_slideshow_transition_duration&quot;:500}\">\n\t\t\t<div class=\"elementor-widget-wrap elementor-element-populated\">\n\t\t\t\t\t\t<div class=\"elementor-element elementor-element-df2b066 elementor-widget elementor-widget-spacer\" data-id=\"df2b066\" data-element_type=\"widget\" data-e-type=\"widget\" data-widget_type=\"spacer.default\">\n\t\t\t\t\t\t\t<div class=\"elementor-spacer\">\n\t\t\t<div class=\"elementor-spacer-inner\"><\/div>\n\t\t<\/div>\n\t\t\t\t\t\t<\/div>\n\t\t\t\t\t<\/div>\n\t\t<\/div>\n\t\t\t\t\t<\/div>\n\t\t<\/section>\n\t\t\t\t<\/div>\n\t\t","protected":false},"excerpt":{"rendered":"<p>Restaurants SULMARE WHERE THE COAST AND AUTHENTIC ITALIAN CUISINE COME TOGETHER Explora la aut\u00e9ntica fusi\u00f3n de sabores italianos y mediterr\u00e1neos en nuestro emblem\u00e1tico restaurante ubicado en el Paseo Mar\u00edtimo de Marbella. With a well-established history, we have captivated diners with exquisite dishes in an unparalleled seaside setting. Discover a unique culinary experience that combines the [&hellip;]<\/p>\n","protected":false},"author":3,"featured_media":0,"parent":0,"menu_order":0,"comment_status":"closed","ping_status":"closed","template":"elementor_header_footer","meta":{"footnotes":""},"class_list":["post-1211","page","type-page","status-publish","hentry"],"_links":{"self":[{"href":"https:\/\/dabruno.com\/en\/wp-json\/wp\/v2\/pages\/1211","targetHints":{"allow":["GET"]}}],"collection":[{"href":"https:\/\/dabruno.com\/en\/wp-json\/wp\/v2\/pages"}],"about":[{"href":"https:\/\/dabruno.com\/en\/wp-json\/wp\/v2\/types\/page"}],"author":[{"embeddable":true,"href":"https:\/\/dabruno.com\/en\/wp-json\/wp\/v2\/users\/3"}],"replies":[{"embeddable":true,"href":"https:\/\/dabruno.com\/en\/wp-json\/wp\/v2\/comments?post=1211"}],"version-history":[{"count":41,"href":"https:\/\/dabruno.com\/en\/wp-json\/wp\/v2\/pages\/1211\/revisions"}],"predecessor-version":[{"id":4522,"href":"https:\/\/dabruno.com\/en\/wp-json\/wp\/v2\/pages\/1211\/revisions\/4522"}],"wp:attachment":[{"href":"https:\/\/dabruno.com\/en\/wp-json\/wp\/v2\/media?parent=1211"}],"curies":[{"name":"wp","href":"https:\/\/api.w.org\/{rel}","templated":true}]}}